{"id":1467,"date":"2024-01-08T15:18:52","date_gmt":"2024-01-08T13:18:52","guid":{"rendered":"http:\/\/3.64.11.108\/?page_id=1467"},"modified":"2024-01-08T15:30:58","modified_gmt":"2024-01-08T13:30:58","slug":"palyazat","status":"publish","type":"page","link":"https:\/\/pannoniabutor.hu\/en\/palyazat\/","title":{"rendered":"P\u00e1ly\u00e1zat"},"content":{"rendered":"<div data-elementor-type=\"wp-page\" data-elementor-id=\"1467\" class=\"elementor elementor-1467\" data-elementor-post-type=\"page\">\n\t\t\t\t\t\t\t<div class=\"elementor-element elementor-element-97eb7ad e-flex e-con-boxed e-con e-parent\" data-id=\"97eb7ad\" data-element_type=\"container\" data-settings=\"{&quot;content_width&quot;:&quot;boxed&quot;}\" data-core-v316-plus=\"true\">\n\t\t\t\t\t<div class=\"e-con-inner\">\n\t\t\t\t<div class=\"elementor-element elementor-element-d585097 elementor-widget elementor-widget-heading\" data-id=\"d585097\" data-element_type=\"widget\" data-widget_type=\"heading.default\">\n\t\t\t\t<div class=\"elementor-widget-container\">\n\t\t\t<style>\/*! elementor - v3.18.0 - 20-12-2023 *\/\n.elementor-heading-title{padding:0;margin:0;line-height:1}.elementor-widget-heading .elementor-heading-title[class*=elementor-size-]>a{color:inherit;font-size:inherit;line-height:inherit}.elementor-widget-heading .elementor-heading-title.elementor-size-small{font-size:15px}.elementor-widget-heading .elementor-heading-title.elementor-size-medium{font-size:19px}.elementor-widget-heading .elementor-heading-title.elementor-size-large{font-size:29px}.elementor-widget-heading .elementor-heading-title.elementor-size-xl{font-size:39px}.elementor-widget-heading .elementor-heading-title.elementor-size-xxl{font-size:59px}<\/style><h2 class=\"elementor-heading-title elementor-size-default\">A PANN\u00d3NIA B\u00daTORST\u00daDI\u00d3 KFT. TECHNOL\u00d3GIAI FEJLESZT\u00c9SE.\n<\/h2>\t\t<\/div>\n\t\t\t\t<\/div>\n\t\t<div class=\"elementor-element elementor-element-33d1318 e-flex e-con-boxed e-con e-child\" data-id=\"33d1318\" data-element_type=\"container\" data-settings=\"{&quot;content_width&quot;:&quot;boxed&quot;}\">\n\t\t\t\t\t<div class=\"e-con-inner\">\n\t\t\t\t<div class=\"elementor-element elementor-element-3924752 elementor-widget elementor-widget-text-editor\" data-id=\"3924752\" data-element_type=\"widget\" data-widget_type=\"text-editor.default\">\n\t\t\t\t<div class=\"elementor-widget-container\">\n\t\t\t<style>\/*! elementor - v3.18.0 - 20-12-2023 *\/\n.elementor-widget-text-editor.elementor-drop-cap-view-stacked .elementor-drop-cap{background-color:#69727d;color:#fff}.elementor-widget-text-editor.elementor-drop-cap-view-framed .elementor-drop-cap{color:#69727d;border:3px solid;background-color:transparent}.elementor-widget-text-editor:not(.elementor-drop-cap-view-default) .elementor-drop-cap{margin-top:8px}.elementor-widget-text-editor:not(.elementor-drop-cap-view-default) .elementor-drop-cap-letter{width:1em;height:1em}.elementor-widget-text-editor .elementor-drop-cap{float:left;text-align:center;line-height:1;font-size:50px}.elementor-widget-text-editor .elementor-drop-cap-letter{display:inline-block}<\/style>\t\t\t\t<p>K\u00d6ZEL 145 MILLI\u00d3 FORINT \u00c9RT\u00c9K\u0170 BERUH\u00c1Z\u00c1ST VAL\u00d3S\u00cdTOTT MEG A PANN\u00d3NIA B\u00daTORST\u00daDI\u00d3\u00a0 KFT. BUDAPESTI TELEPHELY\u00c9N, MELYHEZ A VEKOP-1.2.7-20-2021-00020 AZONOS\u00cdT\u00d3SZ\u00c1M\u00daSZ\u00c1M\u00da, \u201eA PANN\u00d3NIA B\u00daTORST\u00daDI\u00d3 KFT. TECHNOL\u00d3GIAI FEJLESZT\u00c9SE.\u201d C\u00cdM\u0170\u00a0 P\u00c1LY\u00c1ZAT\u00a0 KERETEIN BEL\u00dcL 70 %-OS T\u00c1MOGAT\u00c1SI INTENZIT\u00c1S MELLETT 99,9 MILLI\u00d3 FORINT T\u00c1MOGAT\u00c1ST KAPOTT. A PROJEKT FIZIKAI BEFEJEZ\u00c9SE 2022.03.01.<\/p>\t\t\t\t\t\t<\/div>\n\t\t\t\t<\/div>\n\t\t\t\t<div class=\"elementor-element elementor-element-36a948c elementor-widget elementor-widget-text-editor\" data-id=\"36a948c\" data-element_type=\"widget\" data-widget_type=\"text-editor.default\">\n\t\t\t\t<div class=\"elementor-widget-container\">\n\t\t\t\t\t\t\t<p>A T\u00c1MOGAT\u00c1ST IG\u00c9NYL\u0150 PANN\u00d3NIA B\u00daTORST\u00daDI\u00d3 KFT. MIKROV\u00c1LLALKOZ\u00c1SK\u00c9NT KEZDTE TEV\u00c9KENYS\u00c9G\u00c9T, EGY ANGYALF\u00d6LDI BEMUTAT\u00d3TEREMBEN, MAJD MINDEN \u00c9VBEN EGYRE NAGYOBB VEV\u0150K\u00d6R ALAKULT KI, \u00cdGY HAMAR EL\u00c9RTE A MAI \u00c1LLAPOTOT \u00c9S \u00c1RBEV\u00c9TELT. MINDEN \u00c9VBEN R\u00c9SZT VESZ A BUDAPESTI KONYHA KI\u00c1LL\u00cdT\u00c1SON, \u00cdGY SOK MAG\u00c1NEMBER \u00c9S V\u00c1LLALKOZ\u00c1S TUDOM\u00c1ST SZEREZ A C\u00c9G TEV\u00c9KENYS\u00c9G\u00c9R\u0150L, B\u00daTORAIR\u00d3L \u00c9S A TERVEZ\u0150K SZAK\u00c9RTELM\u00c9R\u0150L. NAGY SZ\u00c1ZAL\u00c9KBAN EZEN A KI\u00c1LL\u00cdT\u00c1SON ISMERIK MEG A V\u00c1LLALKOZ\u00c1ST. A V\u00c1LLALKOZ\u00c1S F\u0150BB TEV\u00c9KENYS\u00c9GE EGYEDI TERVEZ\u00c9S\u0170 B\u00daTOROK GY\u00c1RT\u00c1SA, BE\u00c9P\u00cdTHET\u0150 H\u00c1ZTART\u00c1SI G\u00c9PEKKEL, A MEGRENDEL\u0150K SZERINTI IG\u00c9NYEKNEK MEGFELEL\u0150EN. A C\u00c9G LEGT\u00d6BB \u00dcGYFELE MAG\u00c1NEMBER, AKIK OTTHONUKAT FEJLESZTIK, \u00c1TTERVEZIK, DE V\u00c1LLALKOZ\u00c1SOKNAK IS TERVEZ, BE\u00c9P\u00cdT NEM CSAK KONYHAI, HANEM IRODAB\u00daTOROKAT IS. VANNAK NAGYOBB PROJEKTJEI IS, NYARAL\u00d3K, IROD\u00c1K, LAK\u00d3PARKOK BELS\u0150 TERVEZ\u00c9SI MUNK\u00c1I. A C\u00c9G \u00c1LTAL ELV\u00c9GZETT MUNK\u00c1KAT EGYEDI, IG\u00c9NYES MEGJELEN\u00c9S \u00c9S ELK\u00c9SZ\u00cdT\u00c9S, VALAMINT PR\u00c9MIUM MIN\u0150S\u00c9G JELLEMZI.\u00a0\u00a0<\/p>\t\t\t\t\t\t<\/div>\n\t\t\t\t<\/div>\n\t\t\t\t<div class=\"elementor-element elementor-element-ccde696 elementor-widget elementor-widget-text-editor\" data-id=\"ccde696\" data-element_type=\"widget\" data-widget_type=\"text-editor.default\">\n\t\t\t\t<div class=\"elementor-widget-container\">\n\t\t\t\t\t\t\t<p>A jelen beruh\u00e1z\u00e1sban megval\u00f3sult eszk\u00f6zbeszerz\u00e9sek, ingatlanberuh\u00e1z\u00e1sok, informatikai fejleszt\u00e9sek \u00e9s kapcsol\u00f3d\u00f3 szolg\u00e1ltat\u00e1sok hat\u00e1s\u00e1ra a munkafolyamatok hat\u00e9konys\u00e1ga \u00e9s min\u0151s\u00e9ge egyar\u00e1nt jelent\u0151s m\u00e9rt\u00e9kben javult. A c\u00e9g technol\u00f3giai felk\u00e9sz\u00fclts\u00e9ge is javult a projekt megval\u00f3sul\u00e1s\u00e1val, \u00edgy a b\u0151v\u00edtett g\u00e9ppark seg\u00edts\u00e9g\u00e9vel jelent\u0151s m\u00e9rt\u00e9kben n\u00f6vekedett a v\u00e1llalkoz\u00e1s versenyk\u00e9pess\u00e9ge. A beszerzett eszk\u00f6z\u00f6k jelent\u0151sen egyszer\u0171s\u00edtik, gyors\u00edtj\u00e1k a munkav\u00e9gz\u00e9st, ezen kereszt\u00fcl a munkaszervez\u00e9st, \u00edgy hozz\u00e1j\u00e1rulva a v\u00e1llalkoz\u00e1s termel\u00e9kenys\u00e9g\u00e9nek n\u00f6veked\u00e9s\u00e9hez \u00e9s technol\u00f3giai meg\u00fajul\u00e1s\u00e1hoz. A fejleszt\u00e9sek c\u00e9lja a v\u00e1llalkoz\u00e1s n\u00f6veked\u00e9si \u00e9s foglalkoztat\u00e1si potenci\u00e1lj\u00e1nak jav\u00edt\u00e1sa, gazdas\u00e1gi teljes\u00edtm\u00e9ny\u00e9nek \u00e9s j\u00f6vedelmez\u0151s\u00e9g\u00e9nek er\u0151s\u00edt\u00e9se volt.<\/p>\t\t\t\t\t\t<\/div>\n\t\t\t\t<\/div>\n\t\t\t\t<div class=\"elementor-element elementor-element-3c14cfa elementor-widget elementor-widget-heading\" data-id=\"3c14cfa\" data-element_type=\"widget\" data-widget_type=\"heading.default\">\n\t\t\t\t<div class=\"elementor-widget-container\">\n\t\t\t<h2 class=\"elementor-heading-title elementor-size-default\">A beszerzett g\u00e9pek: \n\n<\/h2>\t\t<\/div>\n\t\t\t\t<\/div>\n\t\t\t\t\t<\/div>\n\t\t\t\t<\/div>\n\t\t<div class=\"elementor-element elementor-element-ad33ab9 e-flex e-con-boxed e-con e-child\" data-id=\"ad33ab9\" data-element_type=\"container\" data-settings=\"{&quot;content_width&quot;:&quot;boxed&quot;}\">\n\t\t\t\t\t<div class=\"e-con-inner\">\n\t\t\t\t<div class=\"elementor-element elementor-element-b0fceea elementor-widget elementor-widget-text-editor\" data-id=\"b0fceea\" data-element_type=\"widget\" data-widget_type=\"text-editor.default\">\n\t\t\t\t<div class=\"elementor-widget-container\">\n\t\t\t\t\t\t\t<p>HOLZ-HER EVOLUTION 7405 4mat Connect Edition CNC megmunk\u00e1l\u00f3 k\u00f6zpont, a hozz\u00e1 tartoz\u00f3 szersz\u00e1mokkal, HOLZ-HER AURIGA 1308 XL \u00e9lz\u00e1r\u00f3 g\u00e9p, Gannomat Concept 70 ECO korpuszpr\u00e9s, Pizzi nagynyom\u00e1s\u00fa ragaszt\u00f3adagol\u00f3 k\u00e9sz\u00fcl\u00e9k, Faipari forg\u00e1cs elsz\u00edv\u00f3 k\u00e9sz\u00fcl\u00e9k a hozz\u00e1 tartoz\u00f3 cs\u0151vezet\u00e9k rendszerrel, ALUP Sonetto 10-10-500 PLUS csavarkompresszor, TOYOTA-BT STAXIO SWE140L targonca.<\/p>\t\t\t\t\t\t<\/div>\n\t\t\t\t<\/div>\n\t\t\t\t<div class=\"elementor-element elementor-element-6d12037 elementor-widget elementor-widget-heading\" data-id=\"6d12037\" data-element_type=\"widget\" data-widget_type=\"heading.default\">\n\t\t\t\t<div class=\"elementor-widget-container\">\n\t\t\t<h2 class=\"elementor-heading-title elementor-size-default\">M\u0171hely \u00e9s rakt\u00e1rkapacit\u00e1s b\u0151v\u00edt\u00e9s:<\/h2>\t\t<\/div>\n\t\t\t\t<\/div>\n\t\t\t\t<div class=\"elementor-element elementor-element-4790300 elementor-widget elementor-widget-text-editor\" data-id=\"4790300\" data-element_type=\"widget\" data-widget_type=\"text-editor.default\">\n\t\t\t\t<div class=\"elementor-widget-container\">\n\t\t\t\t\t\t\t<p>Kamerarendszer ki\u00e9p\u00edt\u00e9se \u00e9s egy\u00e9b biztons\u00e1gtechnikai korszer\u0171s\u00edt\u00e9si munk\u00e1latok (riaszt\u00f3rendszer telep\u00edt\u00e9se) mellett be\u00e9p\u00edt\u00e9sre ker\u00fcl a telephelyre egy \u00faj polcrendszer. F\u0171t\u00e9si rendszer korszer\u0171s\u00edt\u00e9se A beruh\u00e1z\u00e1s c\u00e9lja egy 80 kW teljes\u00edtm\u00e9ny\u0171 g\u00e1zkaz\u00e1n be\u00e9p\u00edt\u00e9se a hozz\u00e1 tartoz\u00f3 cs\u0151 \u00e9s h\u0151l\u00e9gbef\u00fav\u00f3 rendszerrel.<\/p>\t\t\t\t\t\t<\/div>\n\t\t\t\t<\/div>\n\t\t\t\t<div class=\"elementor-element elementor-element-09c86e9 elementor-widget elementor-widget-heading\" data-id=\"09c86e9\" data-element_type=\"widget\" data-widget_type=\"heading.default\">\n\t\t\t\t<div class=\"elementor-widget-container\">\n\t\t\t<h2 class=\"elementor-heading-title elementor-size-default\">Informatikai fejleszt\u00e9s:\n\n<\/h2>\t\t<\/div>\n\t\t\t\t<\/div>\n\t\t\t\t<div class=\"elementor-element elementor-element-a331db1 elementor-widget elementor-widget-text-editor\" data-id=\"a331db1\" data-element_type=\"widget\" data-widget_type=\"text-editor.default\">\n\t\t\t\t<div class=\"elementor-widget-container\">\n\t\t\t\t\t\t\t<p>CAD alap\u00fa tervez\u0151, l\u00e1tv\u00e1nytervez\u0151 software beszerz\u00e9se, integr\u00e1lt gy\u00e1rt\u00e1sel\u0151k\u00e9sz\u00edt\u0151, CNC vez\u00e9rl\u0151 modullal. Vonalk\u00f3dolvas\u00f3 k\u00e9sz\u00fcl\u00e9k a CNC megmunk\u00e1l\u00f3 k\u00f6zpont \u00fczemeltet\u00e9s\u00e9hez.<\/p>\t\t\t\t\t\t<\/div>\n\t\t\t\t<\/div>\n\t\t\t\t\t<\/div>\n\t\t\t\t<\/div>\n\t\t\t\t\t<\/div>\n\t\t\t\t<\/div>\n\t\t\t\t\t\t\t<\/div>","protected":false},"excerpt":{"rendered":"<p>A PANN\u00d3NIA B\u00daTORST\u00daDI\u00d3 KFT. TECHNOL\u00d3GIAI FEJLESZT\u00c9SE. K\u00d6ZEL 145 MILLI\u00d3 FORINT \u00c9RT\u00c9K\u0170 BERUH\u00c1Z\u00c1ST VAL\u00d3S\u00cdTOTT MEG A PANN\u00d3NIA B\u00daTORST\u00daDI\u00d3\u00a0 KFT. BUDAPESTI TELEPHELY\u00c9N, MELYHEZ A VEKOP-1.2.7-20-2021-00020 AZONOS\u00cdT\u00d3SZ\u00c1M\u00daSZ\u00c1M\u00da, \u201eA PANN\u00d3NIA B\u00daTORST\u00daDI\u00d3 KFT. TECHNOL\u00d3GIAI FEJLESZT\u00c9SE.\u201d C\u00cdM\u0170\u00a0 P\u00c1LY\u00c1ZAT\u00a0 KERETEIN BEL\u00dcL 70 %-OS T\u00c1MOGAT\u00c1SI INTENZIT\u00c1S MELLETT 99,9 MILLI\u00d3 FORINT T\u00c1MOGAT\u00c1ST KAPOTT. A PROJEKT FIZIKAI BEFEJEZ\u00c9SE 2022.03.01. A T\u00c1MOGAT\u00c1ST IG\u00c9NYL\u0150 PANN\u00d3NIA B\u00daTORST\u00daDI\u00d3 KFT. [&hellip;]<\/p>","protected":false},"author":2,"featured_media":0,"parent":0,"menu_order":0,"comment_status":"closed","ping_status":"closed","template":"","meta":{"footnotes":""},"class_list":["post-1467","page","type-page","status-publish","hentry"],"_links":{"self":[{"href":"https:\/\/pannoniabutor.hu\/en\/wp-json\/wp\/v2\/pages\/1467","targetHints":{"allow":["GET"]}}],"collection":[{"href":"https:\/\/pannoniabutor.hu\/en\/wp-json\/wp\/v2\/pages"}],"about":[{"href":"https:\/\/pannoniabutor.hu\/en\/wp-json\/wp\/v2\/types\/page"}],"author":[{"embeddable":true,"href":"https:\/\/pannoniabutor.hu\/en\/wp-json\/wp\/v2\/users\/2"}],"replies":[{"embeddable":true,"href":"https:\/\/pannoniabutor.hu\/en\/wp-json\/wp\/v2\/comments?post=1467"}],"version-history":[{"count":17,"href":"https:\/\/pannoniabutor.hu\/en\/wp-json\/wp\/v2\/pages\/1467\/revisions"}],"predecessor-version":[{"id":1485,"href":"https:\/\/pannoniabutor.hu\/en\/wp-json\/wp\/v2\/pages\/1467\/revisions\/1485"}],"wp:attachment":[{"href":"https:\/\/pannoniabutor.hu\/en\/wp-json\/wp\/v2\/media?parent=1467"}],"curies":[{"name":"wp","href":"https:\/\/api.w.org\/{rel}","templated":true}]}}